{"id":16,"date":"2018-08-09T16:30:38","date_gmt":"2018-08-09T16:30:38","guid":{"rendered":"http:\/\/altinpinar.com.tr\/?page_id=16"},"modified":"2018-08-10T17:01:09","modified_gmt":"2018-08-10T17:01:09","slug":"kalite-politikamiz","status":"publish","type":"page","link":"https:\/\/altinpinar.com.tr\/?page_id=16","title":{"rendered":"Kalite Politikam\u0131z"},"content":{"rendered":"\n  <div class=\"banner has-hover\" id=\"banner-2135070626\">\n          <div class=\"banner-inner fill\">\n        <div class=\"banner-bg fill\" >\n            <div class=\"bg fill bg-fill \"><\/div>\n                                    \n                    <\/div><!-- bg-layers -->\n        <div class=\"banner-layers container\">\n            <div class=\"fill banner-link\"><\/div>            \n   <div id=\"text-box-1251094619\" class=\"text-box banner-layer x0 md-x0 lg-x0 y15 md-y15 lg-y15 res-text\">\n                                <div class=\"text dark\">\n              \n              <div class=\"text-inner text-left\">\n                  \n<h3>Kalite Politikam\u0131z<\/h3>\n              <\/div>\n           <\/div><!-- text-box-inner -->\n                            \n<style scope=\"scope\">\n\n#text-box-1251094619 .text-inner {\n  padding: 0px 0px 0px 14px;\n}\n#text-box-1251094619 {\n  width: 60%;\n}\n#text-box-1251094619 .text {\n  font-size: 100%;\n}\n\n\n@media (min-width:550px) {\n\n  #text-box-1251094619 {\n    width: 40%;\n  }\n\n}\n<\/style>\n    <\/div><!-- text-box -->\n \n        <\/div><!-- .banner-layers -->\n      <\/div><!-- .banner-inner -->\n\n              <div class=\"height-fix is-invisible\"><img width=\"2200\" height=\"440\" src=\"https:\/\/altinpinar.com.tr\/wp-content\/uploads\/2018\/08\/Untitled-5.jpg\" class=\"attachment-original size-original\" alt=\"\" loading=\"lazy\" srcset=\"https:\/\/altinpinar.com.tr\/wp-content\/uploads\/2018\/08\/Untitled-5.jpg 2200w, https:\/\/altinpinar.com.tr\/wp-content\/uploads\/2018\/08\/Untitled-5-300x60.jpg 300w, https:\/\/altinpinar.com.tr\/wp-content\/uploads\/2018\/08\/Untitled-5-768x154.jpg 768w, https:\/\/altinpinar.com.tr\/wp-content\/uploads\/2018\/08\/Untitled-5-1024x205.jpg 1024w\" sizes=\"(max-width: 2200px) 100vw, 2200px\" \/><\/div>\n            \n<style scope=\"scope\">\n\n#banner-2135070626 .bg.bg-loaded {\n  background-image: url(https:\/\/altinpinar.com.tr\/wp-content\/uploads\/2018\/08\/Untitled-5.jpg);\n}\n<\/style>\n  <\/div><!-- .banner -->\n\n\n<div class=\"row\"  id=\"row-235802631\">\n<div class=\"col small-12 large-12\"  ><div class=\"col-inner\"  >\n<ul>\n<li>\n<p class=\"p1\">Uluslar aras\u0131 d\u00fczeyde su sekt\u00f6r\u00fcnde yenilik\u00e7i ve g\u00fcvenilir yakla\u015f\u0131mlarla m\u00fc\u015fterilerine, kaliteli hizmeti ve \u00fcr\u00fcnleri sunmak,<\/p>\n<\/li>\n<li>\n<p class=\"p1\">M\u00fc\u015fterilerine, \u00fclke ekonomisine ve sekt\u00f6re katma de\u011fer sa\u011flayan referans marka olmak ve en iyi \u015fekilde temsil etmek<\/p>\n<\/li>\n<li>\n<p class=\"p1\">\u00c7evre ve toplum i\u00e7in \u00e7al\u0131\u015fmalar\u0131m\u0131z\u0131 en etkin ve verimli \u015fekilde s\u00fcrd\u00fcrmek,<\/p>\n<\/li>\n<\/ul>\n<p class=\"p1\">\u00a0<\/p>\n<\/div><\/div>\n<\/div>\n\t<section class=\"section dark has-mask mask-arrow\" id=\"section_2090356825\">\n\t\t<div class=\"bg section-bg fill bg-fill  \" >\n\n\t\t\t\n\t\t\t\n\t\t\t\n\t<div class=\"is-border\"\n\t\tstyle=\"border-color:rgb(235, 235, 235);border-width:1px 0px 0px 0px;\">\n\t<\/div>\n\n\t\t<\/div><!-- .section-bg -->\n\n\t\t<div class=\"section-content relative\">\n\t\t\t\n<div class=\"row\"  id=\"row-339144916\">\n<div class=\"col medium-4 small-12 large-4\"  ><div class=\"col-inner text-shadow-2\"  >\n<h2 class=\"uppercase\">BU AMA\u00c7LA<\/h2>\n<\/div><\/div>\n<div class=\"col medium-8 small-12 large-8\"  ><div class=\"col-inner text-shadow-2\"  >\n<p>Faaliyette bulundu\u011fumuz t\u00fcm alanlarda m\u00fc\u015fterilerimizin beklentilerini kar\u015f\u0131lamak, memnuniyetlerini sa\u011flamak ve hizmet kalitesini s\u00fcrekli iyile\u015ftirmek i\u00e7in ALTINPINAR \u00e7al\u0131\u015fanlar\u0131n geli\u015fimini ve kat\u0131l\u0131m\u0131n\u0131 destekleyecek, g\u00fcvenli ve d\u00fczenleyici nitelikler olan <strong>ISO 9001:2000<\/strong> ve <strong>ISO 22000 HACCP Kalite Y\u00f6netim Sistemi<\/strong> standard\u0131n\u0131 temel yol g\u00f6sterici olarak benimsenmi\u015ftir.<\/p>\n<\/div><\/div>\n<\/div>\n\t\t<\/div><!-- .section-content -->\n\n\t\t\n<style scope=\"scope\">\n\n#section_2090356825 {\n  padding-top: 59px;\n  padding-bottom: 59px;\n  min-height: 300px;\n  background-color: rgb(0, 0, 0);\n}\n#section_2090356825 .section-bg.bg-loaded {\n  background-image: url(https:\/\/altinpinar.com.tr\/wp-content\/uploads\/2018\/08\/bg.jpg);\n}\n<\/style>\n\t<\/section>\n\t\n","protected":false},"excerpt":{"rendered":"","protected":false},"author":1,"featured_media":0,"parent":0,"menu_order":0,"comment_status":"closed","ping_status":"closed","template":"page-blank.php","meta":[],"_links":{"self":[{"href":"https:\/\/altinpinar.com.tr\/index.php?rest_route=\/wp\/v2\/pages\/16"}],"collection":[{"href":"https:\/\/altinpinar.com.tr\/index.php?rest_route=\/wp\/v2\/pages"}],"about":[{"href":"https:\/\/altinpinar.com.tr\/index.php?rest_route=\/wp\/v2\/types\/page"}],"author":[{"embeddable":true,"href":"https:\/\/altinpinar.com.tr\/index.php?rest_route=\/wp\/v2\/users\/1"}],"replies":[{"embeddable":true,"href":"https:\/\/altinpinar.com.tr\/index.php?rest_route=%2Fwp%2Fv2%2Fcomments&post=16"}],"version-history":[{"count":7,"href":"https:\/\/altinpinar.com.tr\/index.php?rest_route=\/wp\/v2\/pages\/16\/revisions"}],"predecessor-version":[{"id":99,"href":"https:\/\/altinpinar.com.tr\/index.php?rest_route=\/wp\/v2\/pages\/16\/revisions\/99"}],"wp:attachment":[{"href":"https:\/\/altinpinar.com.tr\/index.php?rest_route=%2Fwp%2Fv2%2Fmedia&parent=16"}],"curies":[{"name":"wp","href":"https:\/\/api.w.org\/{rel}","templated":true}]}}