{"id":12,"date":"2018-08-09T16:28:43","date_gmt":"2018-08-09T16:28:43","guid":{"rendered":"http:\/\/altinpinar.com.tr\/?page_id=12"},"modified":"2018-08-10T17:02:11","modified_gmt":"2018-08-10T17:02:11","slug":"bayilik","status":"publish","type":"page","link":"https:\/\/altinpinar.com.tr\/?page_id=12","title":{"rendered":"Bayilik"},"content":{"rendered":"\n  <div class=\"banner has-hover\" id=\"banner-2079769753\">\n          <div class=\"banner-inner fill\">\n        <div class=\"banner-bg fill\" >\n            <div class=\"bg fill bg-fill \"><\/div>\n                                    \n                    <\/div><!-- bg-layers -->\n        <div class=\"banner-layers container\">\n            <div class=\"fill banner-link\"><\/div>            \n   <div id=\"text-box-2073268988\" class=\"text-box banner-layer x0 md-x0 lg-x0 y15 md-y15 lg-y15 res-text\">\n                                <div class=\"text dark\">\n              \n              <div class=\"text-inner text-left\">\n                  \n<h3>Bayilik<\/h3>\n              <\/div>\n           <\/div><!-- text-box-inner -->\n                            \n<style scope=\"scope\">\n\n#text-box-2073268988 .text-inner {\n  padding: 0px 0px 0px 14px;\n}\n#text-box-2073268988 {\n  width: 60%;\n}\n#text-box-2073268988 .text {\n  font-size: 100%;\n}\n\n\n@media (min-width:550px) {\n\n  #text-box-2073268988 {\n    width: 40%;\n  }\n\n}\n<\/style>\n    <\/div><!-- text-box -->\n \n        <\/div><!-- .banner-layers -->\n      <\/div><!-- .banner-inner -->\n\n              <div class=\"height-fix is-invisible\"><img width=\"2200\" height=\"440\" src=\"https:\/\/altinpinar.com.tr\/wp-content\/uploads\/2018\/08\/Untitled-5.jpg\" class=\"attachment-original size-original\" alt=\"\" loading=\"lazy\" srcset=\"https:\/\/altinpinar.com.tr\/wp-content\/uploads\/2018\/08\/Untitled-5.jpg 2200w, https:\/\/altinpinar.com.tr\/wp-content\/uploads\/2018\/08\/Untitled-5-300x60.jpg 300w, https:\/\/altinpinar.com.tr\/wp-content\/uploads\/2018\/08\/Untitled-5-768x154.jpg 768w, https:\/\/altinpinar.com.tr\/wp-content\/uploads\/2018\/08\/Untitled-5-1024x205.jpg 1024w\" sizes=\"(max-width: 2200px) 100vw, 2200px\" \/><\/div>\n            \n<style scope=\"scope\">\n\n#banner-2079769753 .bg.bg-loaded {\n  background-image: url(https:\/\/altinpinar.com.tr\/wp-content\/uploads\/2018\/08\/Untitled-5.jpg);\n}\n<\/style>\n  <\/div><!-- .banner -->\n\n\n<div class=\"row\"  id=\"row-418226749\">\n<div class=\"col small-12 large-12\"  ><div class=\"col-inner\"  >\n<p class=\"p2\">Alt\u0131np\u0131nar Portf\u00f6y\u00fcnde 130&#8242; dan fazla bayi a\u011f\u0131 ve 2 b\u00f6lge distribut\u00f6r\u00fc ile damacana gurubunu, 250 \u00fczeri pet da\u011f\u0131t\u0131m noktas\u0131 ile pet gurubunu, ayr\u0131ca kurumsal ve 10&#8242; u a\u015fk\u0131n<span class=\"Apple-converted-space\">\u00a0 <\/span>magazalar arac\u0131l\u0131\u011f\u0131 ile hem pet hem de damacana gurubu \u00fcr\u00fcnlerini piyasaya sunmaktad\u0131r.<\/p>\n<p class=\"p2\">Alt\u0131np\u0131nar Kaynak Suyu, uzun y\u0131llar Topkap\u0131 Saray\u0131\u2019n\u0131n vazge\u00e7ilmez i\u00e7me ve banyo suyu olarak kullan\u0131ld\u0131. Ancak kemerlerin tahrip olmas\u0131 nedeniyle uzun bir d\u00f6nem bu su kullan\u0131lamad\u0131. 1991 y\u0131l\u0131ndan beri Alt\u0131np\u0131nar Kaynak Suyu Sa\u011fl\u0131k Bakanl\u0131\u011f\u0131 Ruhsat\u0131 ile m\u00fc\u015fterilerimize arz edilmektedir.<\/p>\n<p class=\"p1\">Alt\u0131np\u0131nar, Istranca Da\u011flar\u0131ndan \u00e7\u0131k\u0131p size ula\u015fana kadar do\u011fall\u0131\u011f\u0131ndan hi\u00e7bir\u015fey kaybetmez. B\u00f6lgenin suyu, zeminin do\u011fal yap\u0131s\u0131n\u0131n Quartz olmas\u0131ndan dolay\u0131 tabii bir filtrasyondan ge\u00e7erek, suyun kalitesini, yumu\u015fakl\u0131\u011f\u0131n\u0131, lezzetini zirveye ta\u015f\u0131r. Kaynak civar\u0131nda herhangi bir yap\u0131la\u015fma olmay\u0131p tamamen ormanl\u0131kt\u0131r.<\/p>\n<p class=\"p1\">Dolum tesisinde 19 lt.\u2019 lik d\u00f6n\u00fc\u015f\u00fcml\u00fc Polikarbonat damacanalar, 5, 10 ve 19 lt.\u2019 lik d\u00f6n\u00fc\u015f\u00fcms\u00fcz pet \u015fi\u015feler son sistem dolum makinalar\u0131nda 80\u00b0 lik \u0131s\u0131 ve y\u00fcksek bas\u0131n\u00e7l\u0131 suyla sterilize edilerek el de\u011fmeden ISO 9001:2000 ve ISO 22000 HACCP kalite standartlar\u0131yla doldurulur.<\/p>\n<\/div><\/div>\n<\/div>\n","protected":false},"excerpt":{"rendered":"","protected":false},"author":1,"featured_media":0,"parent":0,"menu_order":0,"comment_status":"closed","ping_status":"closed","template":"page-blank.php","meta":[],"_links":{"self":[{"href":"https:\/\/altinpinar.com.tr\/index.php?rest_route=\/wp\/v2\/pages\/12"}],"collection":[{"href":"https:\/\/altinpinar.com.tr\/index.php?rest_route=\/wp\/v2\/pages"}],"about":[{"href":"https:\/\/altinpinar.com.tr\/index.php?rest_route=\/wp\/v2\/types\/page"}],"author":[{"embeddable":true,"href":"https:\/\/altinpinar.com.tr\/index.php?rest_route=\/wp\/v2\/users\/1"}],"replies":[{"embeddable":true,"href":"https:\/\/altinpinar.com.tr\/index.php?rest_route=%2Fwp%2Fv2%2Fcomments&post=12"}],"version-history":[{"count":6,"href":"https:\/\/altinpinar.com.tr\/index.php?rest_route=\/wp\/v2\/pages\/12\/revisions"}],"predecessor-version":[{"id":101,"href":"https:\/\/altinpinar.com.tr\/index.php?rest_route=\/wp\/v2\/pages\/12\/revisions\/101"}],"wp:attachment":[{"href":"https:\/\/altinpinar.com.tr\/index.php?rest_route=%2Fwp%2Fv2%2Fmedia&parent=12"}],"curies":[{"name":"wp","href":"https:\/\/api.w.org\/{rel}","templated":true}]}}